{"id":481,"date":"2023-08-29T18:32:31","date_gmt":"2023-08-29T16:32:31","guid":{"rendered":"https:\/\/www.carduccigaeta.edu.it\/scuola\/?page_id=481"},"modified":"2023-08-29T18:32:31","modified_gmt":"2023-08-29T16:32:31","slug":"tirocini-formativi-a-s-2022-23","status":"publish","type":"page","link":"https:\/\/www.carduccigaeta.edu.it\/scuola\/?page_id=481","title":{"rendered":"Tirocini formativi a.s. 2022-23"},"content":{"rendered":"\n<p>&nbsp;L\u2019IC G.Carducci \u00e8 sede accreditata per il Tirocinio Formativo Attivo&nbsp;<\/p>\n\n\n\n<p><strong>Responsabile delle attivit\u00e0 di Tirocinio: prof.ssa Vincenza Casaregola<\/strong><\/p>\n\n\n\n<p><strong>Anno Scolastico 2022-23<\/strong><\/p>\n\n\n\n<p>La nostra scuola risulta, ormai da diversi anni, nell<strong>\u2019<a href=\"https:\/\/www.usrlazio.it\/_file\/documenti\/TFA\/accreditamenti_2014_15\/2022\/20220916_v5_Elenco_sedi_tirocini_Regione_Lazio_2022.pdf\">elenco degli istituti<\/a>&nbsp;<\/strong>che sono disponibili ad accogliere studentesse e studenti che frequentano i corsi di \u201cScienze della formazione&nbsp;<strong>primaria<\/strong>\u201d e il corso triennale per i docenti di&nbsp;<strong>sostegno<\/strong>&nbsp;per la scuola&nbsp;<strong>primaria<\/strong>&nbsp;e&nbsp;<strong>secondaria primo grado<\/strong><\/p>\n\n\n\n<p>La disponibilit\u00e0 dei posti \u00e8 soggetta alla disponibilit\u00e0 dei docenti che, per il corrente anno scolastico \u00e8 in via di definizione.<strong>&nbsp;<\/strong><\/p>\n\n\n\n<p><strong>La scuola potr\u00e0 accettare solo studenti\/esse&nbsp; la cui universit\u00e0 abbia inserito la copertura assicurativa per &nbsp;i tirocinanti nei progetti di tirocinio e\/o nelle convenzioni che necessariamente devono essere stipulate fra i due istituti.<\/strong><\/p>\n\n\n\n<p>La\/il tirocinante per i seguenti gradi scolastici:<\/p>\n\n\n\n<p>-PRIMARIA<\/p>\n\n\n\n<p>-SOSTEGNO PRIMARIA<\/p>\n\n\n\n<p>-SOSTEGNO SECONDARIA PRIMO GRADO<\/p>\n\n\n\n<p>dovr\u00e0 inviare una mail<strong>&nbsp;<a href=\"mailto:ltic803008@istruzione.it\">ltic803008@istruzione.it<\/a>&nbsp;<\/strong>&nbsp;specificando&nbsp;<strong>nell\u2019oggetto<\/strong>&nbsp;le seguenti informazioni:<\/p>\n\n\n\n<ol class=\"wp-block-list\">\n<li>nome e cognome<\/li>\n\n\n\n<li>tipo di tirocinio da svolgere&nbsp; ( scienze della formazione primaria oppure sostegno primaria e\/o secondaria primo grado).<\/li>\n<\/ol>\n\n\n\n<p><strong>Nel testo della mail<\/strong>&nbsp;va chiaramente inserito<\/p>\n\n\n\n<ol class=\"wp-block-list\">\n<li>richiesta del tipo di tirocinio da svolgere<\/li>\n\n\n\n<li>universit\u00e0 di appartenenza e corso di laurea;<\/li>\n\n\n\n<li>numero di ore da svolgere in ciascun ordine di scuola;<\/li>\n\n\n\n<li>periodo di svolgimento delle attivit\u00e0 presso l\u2019IC G.Carducci.<\/li>\n<\/ol>\n\n\n\n<p>Alla richiesta seguir\u00e0 una mail di risposta della referente per il TFA Vincenza Casaregola.<\/p>\n\n\n\n<p>La docente referente per il TFA<\/p>\n\n\n\n<p>Vincenza Casaregola<\/p>\n","protected":false},"excerpt":{"rendered":"<p>&nbsp;L\u2019IC G.Carducci \u00e8 sede accreditata per il Tirocinio Formativo Attivo&nbsp; Responsabile delle attivit\u00e0 di Tirocinio: prof.ssa Vincenza Casaregola Anno Scolastico 2022-23 La nostra scuola risulta, ormai da diversi anni, nell\u2019elenco degli istituti&nbsp;che sono disponibili ad accogliere [&hellip;]<\/p>\n","protected":false},"author":1,"featured_media":0,"parent":0,"menu_order":0,"comment_status":"closed","ping_status":"closed","template":"","meta":{"footnotes":""},"tags":[],"class_list":["post-481","page","type-page","status-publish","hentry"],"_links":{"self":[{"href":"https:\/\/www.carduccigaeta.edu.it\/scuola\/index.php?rest_route=\/wp\/v2\/pages\/481","targetHints":{"allow":["GET"]}}],"collection":[{"href":"https:\/\/www.carduccigaeta.edu.it\/scuola\/index.php?rest_route=\/wp\/v2\/pages"}],"about":[{"href":"https:\/\/www.carduccigaeta.edu.it\/scuola\/index.php?rest_route=\/wp\/v2\/types\/page"}],"author":[{"embeddable":true,"href":"https:\/\/www.carduccigaeta.edu.it\/scuola\/index.php?rest_route=\/wp\/v2\/users\/1"}],"replies":[{"embeddable":true,"href":"https:\/\/www.carduccigaeta.edu.it\/scuola\/index.php?rest_route=%2Fwp%2Fv2%2Fcomments&post=481"}],"version-history":[{"count":1,"href":"https:\/\/www.carduccigaeta.edu.it\/scuola\/index.php?rest_route=\/wp\/v2\/pages\/481\/revisions"}],"predecessor-version":[{"id":482,"href":"https:\/\/www.carduccigaeta.edu.it\/scuola\/index.php?rest_route=\/wp\/v2\/pages\/481\/revisions\/482"}],"wp:attachment":[{"href":"https:\/\/www.carduccigaeta.edu.it\/scuola\/index.php?rest_route=%2Fwp%2Fv2%2Fmedia&parent=481"}],"wp:term":[{"taxonomy":"post_tag","embeddable":true,"href":"https:\/\/www.carduccigaeta.edu.it\/scuola\/index.php?rest_route=%2Fwp%2Fv2%2Ftags&post=481"}],"curies":[{"name":"wp","href":"https:\/\/api.w.org\/{rel}","templated":true}]}}